{"id":79553,"date":"2022-07-21T14:14:39","date_gmt":"2022-07-21T12:14:39","guid":{"rendered":"https:\/\/cemes-spa.com\/corporate-compliance\/segnalazioni\/"},"modified":"2024-02-29T11:51:09","modified_gmt":"2024-02-29T10:51:09","slug":"reports","status":"publish","type":"page","link":"https:\/\/cemes-spa.com\/en\/corporate-compliance\/reports\/","title":{"rendered":"Whistleblowing"},"content":{"rendered":"\n<div style=\"height:50px\" aria-hidden=\"true\" class=\"wp-block-spacer\"><\/div>\n\n\n<p>La Societ\u00e0 C.E.M.E.S. S.p.A., in ottemperanza alla normativa in tema di whistleblowing \u2013 ovvero il Decreto legislativo n. 24\/2023 del 10 marzo 2023 emesso in attuazione della Direttiva Europea n. 1937\/2019 \u2013 si \u00e8 dotata, mediante la predisposizione di un canale interno, di un sistema di segnalazioni di eventuali illeciti per violazioni di disposizioni normative nazionali e dell\u2019Unione Europea (incluse le disposizioni nazionali che ne danno attuazione) che ledono l\u2019interesse pubblico o l\u2019integrit\u00e0 dell\u2019amministrazione pubblica o dell\u2019ente privato di cui si sia venuti a conoscenza nell\u2019ambito del contesto lavorativo.<\/p>\n<p>C.E.M.E.S. S.p.A., aderendo alle indicazioni di ANAC (Autorit\u00e0 Nazionale Anticorruzione), ha creato un canale di segnalazione per offrire ai dipendenti e a tutti coloro che intrattengono rapporti con la Societ\u00e0, la possibilit\u00e0 di denunciare eventuali o presunte irregolarit\u00e0, o segnalare situazioni che possano arrecare danno o pregiudizio all\u2019azienda, come una frode, un rischio generico o una situazione potenzialmente pericolosa. Possono essere oggetto di segnalazione anche quegli elementi che riguardano condotte volte ad occultare le violazioni.<\/p>\n<p>Nella categoria delle violazioni delle disposizioni normative nazionali vi rientrano gli illeciti penali, civili, amministrativi o contabili diversi rispetto a quelli specificamente individuati come violazioni del diritto UE; in particolare, nell\u2019ambito delle violazioni in esame vi rientrano a) i reati presupposto per l\u2019applicazione del d.lgs. n. 231\/200132; b) le violazioni dei modelli di organizzazione e gestione previsti nel citato d.lgs. n. 231\/2001, anch\u2019esse non riconducibili alle violazioni del diritto dell\u2019UE. Per quanto riguarda invece le violazioni della normativa europea, si tratta di illeciti commessi in violazione della normativa dell\u2019UE indicata nell\u2019Allegato 1 al d.lgs. n. 24\/2023 e di tutte le disposizioni nazionali che ne danno attuazione.<\/p>\n<p>Ai sensi dell\u2019art. 1 comma 2 del D.lgs. n. 24\/2023, non possono formare oggetto di segnalazione a) le contestazioni, rivendicazioni o richieste legate ad un interesse di carattere personale della persona segnalante o della persona che ha sporto una denuncia all\u2019Autorit\u00e0 giudiziaria che attengono esclusivamente ai propri rapporti individuali di lavoro o di impiego pubblico, ovvero inerenti ai propri rapporti di lavoro o di impiego pubblico con le figure gerarchicamente sovraordinate; b) le segnalazioni di violazioni laddove gi\u00e0 disciplinate in via obbligatoria dagli atti dell\u2019Unione Europea o nazionali indicati nella parte II dell\u2019allegato al D.lgs. n. 24\/2023, ovvero da quelli nazionali che costituiscono attuazione degli atti dell\u2019Unione europea indicati nella parte II dell\u2019allegato alla direttiva (UE) 2019\/1937, seppur non indicati nella parte II dell\u2019allegato al D.lgs n. 24\/2023; c) le segnalazioni di violazioni in materia di sicurezza nazionale, nonch\u00e9 di appalti relativi ad aspetti di difesa o di sicurezza nazionale, a meno che tali aspetti rientrino nel diritto derivato pertinente dell\u2019Unione Europea.<\/p>\n<p>La procedura di segnalazioni adottata rientra nell\u2019ambito degli strumenti di controllo interno adottati da C.E.M.E.S. S.p.A. per contrastare la corruzione, garantire correttezza e trasparenza nella conduzione degli affari e delle attivit\u00e0 svolte, e tutelare la propria posizione e reputazione.<\/p>\n<p>Le segnalazioni devono essere rese in buona fede e devono essere circostanziate.<\/p>\n<p>Al fine di tutelare al massimo il \u201csegnalante\u201d e il \u201csegnalato\u201d sono state adottate le necessarie misure atte a garantire la riservatezza dell\u2019identit\u00e0 del segnalante e del contenuto della segnalazione attraverso protocolli sicuri e strumenti di crittografia che permettono di proteggere i dati personali e le informazioni trasmesse. Al momento della segnalazione, il segnalante potr\u00e0 comunque specificare che trattasi di segnalazione per la quale intende mantenere riservata la propria identit\u00e0 e beneficiare delle tutele previste nel caso di eventuali ritorsioni<\/p>\n<p>C.E.M.E.S. S.p.A. ha individuato un soggetto gestore delle segnalazioni dotato delle competenze necessarie per valutarne l\u2019ammissibilit\u00e0 (come da norme sopra citate) e gestirne l\u2019iter burocratico e legale.<\/p>\n<p>Il processo del Whistleblowing \u00e8 strutturato in modo da garantire ai segnalanti la tutela da pressioni e discriminazioni, dirette o indirette. L\u2019identit\u00e0 del segnalante non \u00e8 mai rivelata senza il suo consenso, ad eccezione dei casi in cui le verifiche condotte a seguito della segnalazione non ricadano nella fattispecie di indagini penali, amministrative o tributarie, oppure diano origine ad un procedimento disciplinare (ad esempio dovuto ad una segnalazione rivelatasi falsa) basato unicamente sulla denuncia ricevuta, per il quale la conoscenza dell\u2019identit\u00e0 dell\u2019autore della segnalazione sia assolutamente indispensabile per la difesa di chi viene accusato.<\/p>\n<p>Qualora la segnalazione non ricevesse risposta o la risposta non fosse ritenuta adeguata dal segnalante, quest\u2019ultimo ha diritto di rivolgersi all\u2019ANAC tramite il canale di comunicazione appositamente predisposto. Invero, a tale fine ANAC ha attivato un canale pubblico di segnalazione esterna raggiungibile sul sito ANAC, cui il segnalante pu\u00f2 rivolgersi in presenza delle condizioni indicate nell\u2019art. 6 del D. Lgs. 24\/2023. Inoltre, il segnalante che ritenga di aver subito una ritorsione a seguito di una segnalazione effettuata, pu\u00f2 comunicare l\u2019accaduto all\u2019ANAC secondo quanto previsto dall\u2019art. 19 del D. Lgs. 24\/2023, al fine di permettere a quest\u2019ultima di svolgere gli accertamenti previsti dalla normativa ed eventualmente irrogare una sanzione al soggetto che ha messo in atto la misura ritorsiva. L\u2019accesso al canale di segnalazione \u00e8 disponibile sul sito istituzionale di ANAC al link sotto riportato.<\/p>\n<p>https:\/\/www.anticorruzione.it\/-\/whistleblowing<\/p>\n<p>Clicca sul seguente \u2192 link per trasmettere la segnalazione<\/p>\n<p>Allegati:<\/p>\n<p>INFORMATIVA PRIVACY WHISTLEBLOWING<br \/>DLGS 24\/2023 GAZZETTA UFFICIALE<br \/>Qui la COMPLIANCE AZIENDALE<\/p>","protected":false},"excerpt":{"rendered":"<p>La Societ\u00e0 C.E.M.E.S. S.p.A., in ottemperanza alla normativa in tema di whistleblowing \u2013 ovvero il Decreto legislativo n. 24\/2023 del [&hellip;]<\/p>\n","protected":false},"author":1,"featured_media":0,"parent":79198,"menu_order":0,"comment_status":"closed","ping_status":"closed","template":"","meta":{"_acf_changed":false,"pgc_sgb_lightbox_settings":"","footnotes":""},"class_list":["post-79553","page","type-page","status-publish","hentry"],"acf":[],"aioseo_notices":[],"_links":{"self":[{"href":"https:\/\/cemes-spa.com\/en\/wp-json\/wp\/v2\/pages\/79553","targetHints":{"allow":["GET"]}}],"collection":[{"href":"https:\/\/cemes-spa.com\/en\/wp-json\/wp\/v2\/pages"}],"about":[{"href":"https:\/\/cemes-spa.com\/en\/wp-json\/wp\/v2\/types\/page"}],"author":[{"embeddable":true,"href":"https:\/\/cemes-spa.com\/en\/wp-json\/wp\/v2\/users\/1"}],"replies":[{"embeddable":true,"href":"https:\/\/cemes-spa.com\/en\/wp-json\/wp\/v2\/comments?post=79553"}],"version-history":[{"count":8,"href":"https:\/\/cemes-spa.com\/en\/wp-json\/wp\/v2\/pages\/79553\/revisions"}],"predecessor-version":[{"id":79915,"href":"https:\/\/cemes-spa.com\/en\/wp-json\/wp\/v2\/pages\/79553\/revisions\/79915"}],"up":[{"embeddable":true,"href":"https:\/\/cemes-spa.com\/en\/wp-json\/wp\/v2\/pages\/79198"}],"wp:attachment":[{"href":"https:\/\/cemes-spa.com\/en\/wp-json\/wp\/v2\/media?parent=79553"}],"curies":[{"name":"wp","href":"https:\/\/api.w.org\/{rel}","templated":true}]}}